{"id":253,"date":"2025-04-01T15:32:30","date_gmt":"2025-04-01T13:32:30","guid":{"rendered":"https:\/\/santaanawines.com.es\/?page_id=253"},"modified":"2025-04-01T15:45:18","modified_gmt":"2025-04-01T13:45:18","slug":"cookies","status":"publish","type":"page","link":"https:\/\/santaanawines.com.es\/index.php\/cookies\/","title":{"rendered":"Cookies"},"content":{"rendered":"\t\t<div data-elementor-type=\"wp-page\" data-elementor-id=\"253\" class=\"elementor elementor-253\">\n\t\t\t\t<div class=\"elementor-element elementor-element-35a43383 e-flex e-con-boxed e-con e-parent\" data-id=\"35a43383\" data-element_type=\"container\" data-settings=\"{&quot;background_background&quot;:&quot;classic&quot;}\">\n\t\t\t\t\t<div class=\"e-con-inner\">\n\t\t\t\t<div class=\"elementor-element elementor-element-3c0fe136 elementor-widget elementor-widget-text-editor\" data-id=\"3c0fe136\" data-element_type=\"widget\" data-widget_type=\"text-editor.default\">\n\t\t\t\t<div class=\"elementor-widget-container\">\n\t\t\t\t\t\t\t\t\t<h2><strong>Pol\u00edtica de Cookies<\/strong><\/h2><p data-pm-slice=\"1 1 []\">En <strong>Santa Ana Wines<\/strong> utilizamos cookies para mejorar su experiencia en nuestro sitio web (<a><strong>https:\/\/santaanawines.com.es\/<\/strong><\/a>). A continuaci\u00f3n, le explicamos qu\u00e9 son las cookies, qu\u00e9 tipos utilizamos y c\u00f3mo puede gestionarlas.<\/p><h3>1. \u00bfQu\u00e9 son las cookies?<\/h3><p>Las cookies son peque\u00f1os archivos de texto que se almacenan en su dispositivo cuando visita un sitio web. Estos archivos permiten que el sitio recuerde informaci\u00f3n sobre su visita, mejorando su experiencia de navegaci\u00f3n.<\/p><h3>2. Tipos de cookies que utilizamos<\/h3><p>En <strong>Santa Ana Wines<\/strong> utilizamos los siguientes tipos de cookies:<\/p><ul data-spread=\"false\"><li><p><strong>Cookies necesarias:<\/strong> Son esenciales para el funcionamiento del sitio web y no pueden desactivarse en nuestros sistemas.<\/p><\/li><li><p><strong>Cookies de rendimiento:<\/strong> Nos ayudan a mejorar nuestro sitio recopilando informaci\u00f3n sobre el uso que hacen los visitantes.<\/p><\/li><li><p><strong>Cookies funcionales:<\/strong> Permiten recordar sus preferencias y mejorar la funcionalidad del sitio.<\/p><\/li><li><p><strong>Cookies de publicidad:<\/strong> Utilizadas para mostrar anuncios relevantes seg\u00fan sus intereses.<\/p><\/li><\/ul><h3>3. Gesti\u00f3n de cookies<\/h3><p>Puede gestionar sus preferencias de cookies a trav\u00e9s de la configuraci\u00f3n de su navegador. A continuaci\u00f3n, le indicamos c\u00f3mo hacerlo en los navegadores m\u00e1s comunes:<\/p><ul data-spread=\"false\"><li><p><strong>Google Chrome:<\/strong> <a>Configuraci\u00f3n de cookies en Chrome<\/a><\/p><\/li><li><p><strong>Mozilla Firefox:<\/strong> <a href=\"https:\/\/support.mozilla.org\/es\/kb\/activar-y-deshabilitar-cookies\">Configuraci\u00f3n de cookies en Firefox<\/a><\/p><\/li><li><p><strong>Microsoft Edge:<\/strong> <a href=\"https:\/\/support.microsoft.com\/es-es\/help\/4027947\/microsoft-edge-delete-cookies\">Configuraci\u00f3n de cookies en Edge<\/a><\/p><\/li><li><p><strong>Safari:<\/strong> <a href=\"https:\/\/support.apple.com\/es-es\/guide\/safari\/sfri11471\/mac\">Configuraci\u00f3n de cookies en Safari<\/a><\/p><\/li><\/ul><h3>4. Cambios en la pol\u00edtica de cookies<\/h3><p>Podemos actualizar nuestra pol\u00edtica de cookies en cualquier momento. Le recomendamos revisar esta p\u00e1gina peri\u00f3dicamente para estar informado sobre cualquier cambio.<\/p><h3>5. Contacto<\/h3><p>Si tiene alguna duda sobre nuestra pol\u00edtica de cookies, puede contactarnos en <a><strong>soporte@teroldeurope.com<\/strong><\/a>.<\/p><p>\u00a0<\/p>\t\t\t\t\t\t\t\t<\/div>\n\t\t\t\t<\/div>\n\t\t\t\t\t<\/div>\n\t\t\t\t<\/div>\n\t\t\t\t<\/div>\n\t\t","protected":false},"excerpt":{"rendered":"<p>Pol\u00edtica de Cookies En Santa Ana Wines utilizamos cookies para mejorar su experiencia en nuestro sitio web (https:\/\/santaanawines.com.es\/). A continuaci\u00f3n, le explicamos qu\u00e9 son las cookies, qu\u00e9 tipos utilizamos y c\u00f3mo puede gestionarlas. 1. \u00bfQu\u00e9 son las cookies? Las cookies son peque\u00f1os archivos de texto que se almacenan en su dispositivo cuando visita un sitio [&hellip;]<\/p>\n","protected":false},"author":1,"featured_media":0,"parent":0,"menu_order":0,"comment_status":"closed","ping_status":"closed","template":"page-simple.php","meta":{"inline_featured_image":false,"footnotes":""},"class_list":["post-253","page","type-page","status-publish","hentry"],"_links":{"self":[{"href":"https:\/\/santaanawines.com.es\/index.php\/wp-json\/wp\/v2\/pages\/253","targetHints":{"allow":["GET"]}}],"collection":[{"href":"https:\/\/santaanawines.com.es\/index.php\/wp-json\/wp\/v2\/pages"}],"about":[{"href":"https:\/\/santaanawines.com.es\/index.php\/wp-json\/wp\/v2\/types\/page"}],"author":[{"embeddable":true,"href":"https:\/\/santaanawines.com.es\/index.php\/wp-json\/wp\/v2\/users\/1"}],"replies":[{"embeddable":true,"href":"https:\/\/santaanawines.com.es\/index.php\/wp-json\/wp\/v2\/comments?post=253"}],"version-history":[{"count":4,"href":"https:\/\/santaanawines.com.es\/index.php\/wp-json\/wp\/v2\/pages\/253\/revisions"}],"predecessor-version":[{"id":258,"href":"https:\/\/santaanawines.com.es\/index.php\/wp-json\/wp\/v2\/pages\/253\/revisions\/258"}],"wp:attachment":[{"href":"https:\/\/santaanawines.com.es\/index.php\/wp-json\/wp\/v2\/media?parent=253"}],"curies":[{"name":"wp","href":"https:\/\/api.w.org\/{rel}","templated":true}]}}